{"id":528,"date":"2009-02-05T10:04:34","date_gmt":"2009-02-05T09:04:34","guid":{"rendered":"http:\/\/www.orformornorm.ch\/site\/?page_id=528"},"modified":"2020-04-11T22:30:32","modified_gmt":"2020-04-11T21:30:32","slug":"telechargements","status":"publish","type":"page","link":"http:\/\/www.orformornorm.ch\/site\/telechargements\/","title":{"rendered":"t\u00e9l\u00e9chargements"},"content":{"rendered":"<p><strong>musique |<\/strong><\/p>\n<p>&nbsp;<\/p>\n<p><strong>Pistes perdues<\/strong> | Amnesty &#8211; Shaka | 2020 (2007-2010)<br \/>\nEntre 2007 et 2010, Amnesty travaillais sur un album avec le label orformOrnorm. Avant de l&rsquo;achever, il a commenc\u00e9 son album avec S\u00ebar Lui-M\u00eame, puis a gentiment pris sa retraite. Dans le m\u00eame temps, Shaka Z pr\u00e9parait aussi un album au studio oO, mais ses projets avec son collectif Touch The Sky ont eu raison de son album solo!<br \/>\nLe confinement de 2020 pour lutter contre le Covid-19 nous a permis de ressortir ces quelques morceaux du fond de nos disques durs et d&rsquo;en faire un petit projet nostalgique, en r\u00e9unissant les Pistes perdues des deux rappeurs qui avaient l&rsquo;habitude de bosser ensemble.<br \/>\n<a style=\"color: #663300; text-decoration: none; padding: 0px;\" href=\"http:\/\/www.orformornorm.ch\/phpmyv\/phpmyvisites.php?url=http%3A\/\/www.orformornorm.ch\/uploaded\/projets\/AmnestyShaka.zip&amp;id=1&amp;pagename=FILE:A%20t%E9l%E9charger%20\/%20AmnestyShaka.zip\" target=\"_blank\">TELECHARGER<\/a><\/p>\n<p>&nbsp;<\/p>\n<p>&nbsp;<\/p>\n<p>Chill (avec viande) | Bub Le Zombie, Marcel Polaire, Hades &amp; Skile | 2017<br \/>\nAlbum digital de Bub Le Zombie, Marcel Polaire, Hades &amp; Skile, avec des apparitions de MOH et de Willy Sunshine<br \/>\n<a href=\"https:\/\/orformornorm.bandcamp.com\/album\/chill-avec-viande\" target=\"_blank\">TELECHARGER<\/a><\/p>\n<p>&nbsp;<\/p>\n<p><a href=\"https:\/\/orformornorm.bandcamp.com\/track\/le-stylo-nocif\" target=\"_blank\"><strong>Le stylo nocif<\/strong><\/a> | Marcel Polaire, Hades &amp; Skile | 2017<br \/>\nSingle \u00e9crit par Marcel Polaire &amp; Hades, produit par Skile<br \/>\n<a href=\"https:\/\/orformornorm.bandcamp.com\/track\/le-stylo-nocif\" target=\"_blank\">TELECHARGER<\/a><\/p>\n<p>&nbsp;<\/p>\n<p><a href=\"https:\/\/orformornorm.bandcamp.com\/album\/capables-de-faire-un-16-titres-pendant-que-tu-es-au-resto\" target=\"_blank\"><strong>Capable de faire un 16 titres pendant que tu es au resto<\/strong><\/a> | Marcel Polaire X Skile | 2016<br \/>\nAlbum digital 16 titres de Marcel Polaire &amp; Skile<br \/>\n<a href=\"https:\/\/orformornorm.bandcamp.com\/album\/capables-de-faire-un-16-titres-pendant-que-tu-es-au-resto\" target=\"_blank\">TELECHARGER<\/a><br \/>\n<a href=\"https:\/\/www.projetwlairbitch.net\/cassette\" target=\"_blank\"><strong>Projet Wlair Bitch<\/strong><\/a> | Bub Le Zombie, Marcel Polaire &amp; Mister Belly | 2017<br \/>\nEP 7 titres de Bub Le Zombie &amp; Marcel Polaire, produits par Mister Belly.Une collaboration VSOK7 &amp; orformOrnorm<br \/>\n<a href=\"https:\/\/www.projetwlairbitch.net\/cassette\" target=\"_blank\">TELECHARGER<\/a><\/p>\n<p>&nbsp;<\/p>\n<p><a href=\"https:\/\/orformornorm.bandcamp.com\/album\/masque-dhumanit\" target=\"_blank\"><strong>Masque d&rsquo;humanit\u00e9<\/strong><\/a> | Bub Le Zombie, Marcel Polaire X PS | 2016<br \/>\nAlbum digital 12 titres de Bub Le Zombie, Marcel Polaire &amp; PS<br \/>\n<a href=\"https:\/\/orformornorm.bandcamp.com\/album\/masque-dhumanit\" target=\"_blank\">TELECHARGER<\/a><\/p>\n<p>&nbsp;<\/p>\n<p><a href=\"http:\/\/www.orformornorm.ch\/discographie\/2012-la-collection-apocalypse\" target=\"_blank\"><strong>2012 &#8211; la collection apocalypse<\/strong><\/a> | Bub Le Zombie | 2012<br \/>\nEP 10 titres de Bub le Zombie. Avec Hades, Robert Roccobelly, Astro et John Spartan. Produit par Skile, Oddrock et Robert Roccobelly.<br \/>\n<a href=\"http:\/\/www.orformornorm.ch\/phpmyv\/phpmyvisites.php?url=http%3A\/\/www.orformornorm.ch\/uploaded\/projets\/2012_collection_apocalypse.zip&amp;id=1&amp;pagename=FILE:A%20t%E9l%E9charger%20\/%202012_collection_apocalypse.zip\" target=\"_blank\">TELECHARGER<\/a><\/p>\n<p>&nbsp;<\/p>\n<p><strong><a href=\"http:\/\/www.orformornorm.ch\/discographie\/volume-oo2\" target=\"_blank\">Volume oO2<\/a><\/strong> | orformOrnorm | 2011<br \/>\nDeuxi\u00e8me compilation du label avec les artistes du label et des invit\u00e9s!<br \/>\n<a href=\"http:\/\/www.orformornorm.ch\/phpmyv\/phpmyvisites.php?url=http%3A\/\/www.orformornorm.ch\/uploaded\/projets\/volumeoO2.zip&amp;id=1&amp;pagename=FILE:A%20t%E9l%E9charger%20\/%20volumeoO2.zip\" target=\"_blank\">TELECHARGER <\/a><\/p>\n<p>&nbsp;<\/p>\n<p><strong><a href=\"http:\/\/www.orformornorm.ch\/discographie\/liberte\" target=\"_blank\">Libert\u00e9<\/a> |<\/strong>Amnesty &amp; Se\u00e4r Lui-M\u00eame | 2012<br \/>\nAlbum digital. Avec Koma, Yasmeen Saari, Vermino, Shaka Z. Produit par Skile, Oddrock, Men X-Large, Poh Low &amp; Chief.<br \/>\n<a href=\"http:\/\/www.amnestysear.com\/\" target=\"_blank\">TELECHARGER<\/a><\/p>\n<p>&nbsp;<\/p>\n<p><strong><a href=\"http:\/\/www.orformornorm.ch\/shop\/bub-chante-lamour\" target=\"_blank\">Bub chante l&rsquo;amour<\/a>, la collection pur love <\/strong>| Bub le Zombie | 2011<br \/>\nEp 8 titres digital de Bub le Zombie. Avec Hades et Akira. Produit par Skile, Akira et Oddrock.<br \/>\n<a href=\"http:\/\/www.orformornorm.ch\/phpmyv\/phpmyvisites.php?url=http%3A\/\/www.orformornorm.ch\/uploaded\/projets\/Bub_chante_l_amour.zip&amp;id=1&amp;pagename=FILE:A%20t%E9l%E9charger%20\/%20Bub_chante_l_amour.zip\" target=\"_blank\">TELECHARGER<\/a><\/p>\n<p>&nbsp;<\/p>\n<p><a href=\"http:\/\/www.orformornorm.ch\/shop\/backstage\" target=\"_blank\"><strong>BacKStaGe<\/strong><\/a> | Nokti &amp; M.O.H | 2011<br \/>\nAvant la sortie de l&rsquo;album \u00ab\u00a0Une journ\u00e9e Hip Hop\u00a0\u00bb, Nokti a s\u00e9lectionn\u00e9 des morceaux de l&rsquo;album, des morceaux sortis sur d&rsquo;autres projets, des morceaux d&rsquo;artistes qu&rsquo;il aime,&#8230; Le tout est mix\u00e9 par DJ Cellski.<br \/>\n<a href=\"http:\/\/www.orformornorm.ch\/phpmyv\/phpmyvisites.php?url=http%3A\/\/www.orformornorm.ch\/uploaded\/projets\/BacKStaGe.zip&amp;id=1&amp;pagename=FILE:A%20t%E9l%E9charger%20\/%20BacKStaGe.zip\" target=\"_blank\">TELECHARGER<\/a><\/p>\n<p><strong><a href=\"http:\/\/www.orformornorm.ch\/discographie\/soufflacul_et_petengueule\" target=\"_blank\">Soufflacul &amp; P\u00e9tengueule<\/a> <\/strong>| Astro | 2009<br \/>\nAstro a cr\u00e9\u00e9 un triptik nous faisant d\u00e9couvrir trois facettes de sa personnalit\u00e9, avec des beats de Willy Sunshine, Kronos, Chief et l&rsquo;apparition de Bub le Zombie, Kef et Manou Love.<br \/>\n<a href=\"http:\/\/www.orformornorm.ch\/phpmyv\/phpmyvisites.php?url=http%3A\/\/www.orformornorm.ch\/uploaded\/projets\/SetPAstro.zip&amp;id=1&amp;pagename=FILE:A%20t%E9l%E9charger%20\/%20SetPAstro.zip\" target=\"_blank\">TELECHARGER <\/a><\/p>\n<p><strong><br \/>\n<\/strong><\/p>\n<p><strong>It&rsquo;s going down vol. 1 |<\/strong> Boo &amp; DJ Manifest | 2009<br \/>\nUne compilation de Dirty South | Selected by Boo &amp; Taz | Mixed by DJ MAnifest | Hosted by Hook<br \/>\nAvec des in\u00e9dits de Bub le Zombie | Robert Roccobelly | Shaka Z | Nono &amp; Samimi | A-Lee &amp; Division Explicit<br \/>\n<a style=\"color: #663300; text-decoration: none; padding: 0px;\" href=\"http:\/\/www.orformornorm.ch\/phpmyv\/phpmyvisites.php?url=http%3A\/\/www.orformornorm.ch\/uploaded\/projets\/It'sGoingDown.zip&amp;id=1&amp;pagename=FILE:A%20t%E9l%E9charger%20\/%20It'sGoingDown.zip\">TELECHARGER<\/a><\/p>\n<p>&nbsp;<\/p>\n<p><strong><a href=\"http:\/\/www.orformornorm.ch\/site\/discographie\/volume-oO1\" target=\"_blank\">Volume oO1<\/a><\/strong> | orformOrnorm | 2008<br \/>\nCompilation du label orformOrnorm<br \/>\n<a href=\"http:\/\/www.orformornorm.ch\/phpmyv\/phpmyvisites.php?url=http%3A\/\/www.orformornorm.ch\/uploaded\/projets\/volumeoO1.zip&amp;id=1&amp;pagename=FILE:A%20t%E9l%E9charger%20\/%20volumeoO1.zip\">TELECHARGER<\/a><\/p>\n<p>&nbsp;<\/p>\n<p><strong><a href=\"http:\/\/www.orformornorm.ch\/site\/discographie\/tribute-to-myself\" target=\"_blank\">Tribute to myself<\/a><\/strong> | Willy Sunshine | 2008<br \/>\nAlbum instrumental<br \/>\n<a href=\"http:\/\/www.orformornorm.ch\/phpmyv\/phpmyvisites.php?url=http%3A\/\/www.orformornorm.ch\/uploaded\/projets\/Tributetomyself.zip&amp;id=1&amp;pagename=FILE:A%20t%E9l%E9charger%20\/%20Tributetomyself.zip\" target=\"_blank\">TELECHARGER<\/a><\/p>\n<p>&nbsp;<\/p>\n<p><strong><a style=\"color: #663300; text-decoration: none; padding: 0px;\" href=\"http:\/\/www.orformornorm.ch\/discographie\/food-for-ya-soul-vol35\" target=\"_blank\">Volume 3.5<\/a><\/strong> | Food for ya Soul | 2008<br \/>\nCompilation \u00e9dition sp\u00e9ciale<br \/>\n<a style=\"color: #663300; text-decoration: none; padding: 0px;\" href=\"http:\/\/www.orformornorm.ch\/phpmyv\/phpmyvisites.php?url=http%3A\/\/www.orformornorm.ch\/uploaded\/projets\/FFYSvol35.zip&amp;id=1&amp;pagename=FILE:A%20t%E9l%E9charger%20\/%20FFYSvol35.zip\" target=\"_blank\">TELECHARGER<\/a><\/p>\n<p>&nbsp;<\/p>\n<p><strong>Maxi fantome<\/strong> | Mens Sana | 2003<br \/>\nMaxi 3 titres sorti en vinyl<br \/>\n<a style=\"color: #663300; text-decoration: none; padding: 0px;\" href=\"http:\/\/www.orformornorm.ch\/phpmyv\/phpmyvisites.php?url=http%3A\/\/www.orformornorm.ch\/uploaded\/projets\/maxifantome2003.zip&amp;id=1&amp;pagename=FILE:A%20t%E9l%E9charger%20\/%20maxifantome2003.zip\" target=\"_blank\">TELECHARGER<\/a><\/p>\n<div>\n<p><strong><br \/>\n<\/strong><\/p>\n<\/div>\n<p><strong><a href=\"http:\/\/www.orformornorm.ch\/discographie\/le-son-1\" target=\"_blank\">Le Son 1<\/a><\/strong> | Skile | 2002<br \/>\nAlbum de remixes<br \/>\n<a href=\"http:\/\/www.orformornorm.ch\/phpmyv\/phpmyvisites.php?url=http%3A\/\/www.orformornorm.ch\/uploaded\/projets\/leson1.zip&amp;id=1&amp;pagename=FILE:A%20t%E9l%E9charger%20\/%20leson1.zip\" target=\"_blank\"> TELECHARGER<\/a><\/p>\n<p><strong><span style=\"font-weight: normal;\"><br \/>\n<\/span><\/strong><\/p>\n<p><strong>Le calme apr\u00e8s&#8230; la temp\u00eate | <\/strong>Dj Oddrock | 2001<br \/>\nDouble mixtape avec des morceaux in\u00e9dits de Mens Sana, Carlos, Person, Nostra, Flave, Skoozin, Kisha,&#8230;<br \/>\n<a href=\"http:\/\/www.orformornorm.ch\/phpmyv\/phpmyvisites.php?url=http%3A\/\/www.orformornorm.ch\/uploaded\/projets\/calme_tempete.zip&amp;id=1&amp;pagename=FILE:A%20t%E9l%E9charger%20\/%20calme_tempete.zip\" target=\"_blank\">TELECHARGER<\/a><\/p>\n<script data-cfasync=\"false\" type=\"text\/javascript\"><\/script>\n                <!-- AddThis Settings Begin -->\n                <script data-cfasync=\"false\" type=\"text\/javascript\">\n                    var addthis_product = \"wpp-5.3.0\";\n                    var wp_product_version = \"wpp-5.3.0\";\n                    var wp_blog_version = \"6.2.9\";\n                    var addthis_plugin_info = {\"info_status\":\"enabled\",\"cms_name\":\"WordPress\",\"cms_version\":\"6.2.9\",\"plugin_name\":\"Share Buttons by AddThis\",\"plugin_version\":\"5.3.0\",\"anonymous_profile_id\":\"wp-f0acefef906d734520ccba2cbbcbfb1a\",\"plugin_mode\":\"WordPress\",\"select_prefs\":{\"addthis_per_post_enabled\":true,\"addthis_above_enabled\":false,\"addthis_below_enabled\":true,\"addthis_sidebar_enabled\":false,\"addthis_mobile_toolbar_enabled\":false,\"addthis_above_showon_home\":true,\"addthis_below_showon_home\":true,\"addthis_above_showon_pages\":true,\"addthis_below_showon_pages\":true,\"addthis_above_showon_categories\":true,\"addthis_below_showon_categories\":true,\"addthis_above_showon_archives\":true,\"addthis_below_showon_archives\":true,\"addthis_above_showon_posts\":true,\"addthis_above_showon_excerpts\":true,\"addthis_below_showon_posts\":true,\"addthis_below_showon_excerpts\":true,\"addthis_sidebar_showon_home\":true,\"addthis_sidebar_showon_posts\":true,\"addthis_sidebar_showon_pages\":true,\"addthis_sidebar_showon_archives\":true,\"addthis_sidebar_showon_categories\":true,\"addthis_mobile_toolbar_showon_home\":true,\"addthis_mobile_toolbar_showon_posts\":true,\"addthis_mobile_toolbar_showon_pages\":true,\"addthis_mobile_toolbar_showon_archives\":true,\"addthis_mobile_toolbar_showon_categories\":true,\"sharing_enabled_on_post_via_metabox\":true},\"page_info\":{\"template\":false}};\n                    if (typeof(addthis_config) == \"undefined\") {\n                        var addthis_config = {\"data_track_clickback\":true,\"ui_language\":\"fr\",\"ui_atversion\":300,\"ignore_server_config\":true};\n                    }\n                    if (typeof(addthis_share) == \"undefined\") {\n                        var addthis_share = {};\n                    }\n                    if (typeof(addthis_layers) == \"undefined\") {\n                        var addthis_layers = {};\n                    }\n                <\/script>\n                <script\n                    data-cfasync=\"false\"\n                    type=\"text\/javascript\"\n                    src=\"\/\/s7.addthis.com\/js\/300\/addthis_widget.js#pubid=wp-f0acefef906d734520ccba2cbbcbfb1a \"\n                    async=\"async\"\n                >\n                <\/script>\n                <script data-cfasync=\"false\" type=\"text\/javascript\">\n                    (function() {\n                        var at_interval = setInterval(function () {\n                            if(window.addthis) {\n                                clearInterval(at_interval);\n                                addthis.layers(addthis_layers);\n                            }\n                        },1000)\n                    }());\n                <\/script>\n                ","protected":false},"excerpt":{"rendered":"<p>musique | &nbsp; Pistes perdues | Amnesty &#8211; Shaka | 2020 (2007-2010) Entre 2007 et 2010, Amnesty travaillais sur un album avec le label orformOrnorm. Avant de l&rsquo;achever, il a commenc\u00e9 son album avec S\u00ebar Lui-M\u00eame, puis a gentiment pris sa retraite. Dans le m\u00eame temps, Shaka Z pr\u00e9parait aussi un album au studio oO, [&hellip;]<\/p>\n","protected":false},"author":3,"featured_media":0,"parent":0,"menu_order":4,"comment_status":"closed","ping_status":"closed","template":"pagetemplate.php","meta":[],"_links":{"self":[{"href":"http:\/\/www.orformornorm.ch\/site\/wp-json\/wp\/v2\/pages\/528"}],"collection":[{"href":"http:\/\/www.orformornorm.ch\/site\/wp-json\/wp\/v2\/pages"}],"about":[{"href":"http:\/\/www.orformornorm.ch\/site\/wp-json\/wp\/v2\/types\/page"}],"author":[{"embeddable":true,"href":"http:\/\/www.orformornorm.ch\/site\/wp-json\/wp\/v2\/users\/3"}],"replies":[{"embeddable":true,"href":"http:\/\/www.orformornorm.ch\/site\/wp-json\/wp\/v2\/comments?post=528"}],"version-history":[{"count":76,"href":"http:\/\/www.orformornorm.ch\/site\/wp-json\/wp\/v2\/pages\/528\/revisions"}],"predecessor-version":[{"id":5055,"href":"http:\/\/www.orformornorm.ch\/site\/wp-json\/wp\/v2\/pages\/528\/revisions\/5055"}],"wp:attachment":[{"href":"http:\/\/www.orformornorm.ch\/site\/wp-json\/wp\/v2\/media?parent=528"}],"curies":[{"name":"wp","href":"https:\/\/api.w.org\/{rel}","templated":true}]}}