{"id":359,"date":"2009-01-27T07:20:14","date_gmt":"2009-01-27T06:20:14","guid":{"rendered":"http:\/\/www.orformornorm.ch\/site\/shop\/359"},"modified":"2015-02-07T16:27:16","modified_gmt":"2015-02-07T15:27:16","slug":"lost-in-time","status":"publish","type":"page","link":"http:\/\/www.orformornorm.ch\/site\/shop\/lost-in-time\/","title":{"rendered":"Lost in time"},"content":{"rendered":"<p><img decoding=\"async\" loading=\"lazy\" class=\"alignnone size-full wp-image-679\" style=\"margin-bottom: 10px;\" title=\"lost-in-time-cover\" src=\"http:\/\/www.orformornorm.ch\/site\/wp-content\/uploads\/2009\/01\/lost-in-time-cover.jpg\" alt=\"lost-in-time-cover\" width=\"450\" height=\"378\" srcset=\"http:\/\/www.orformornorm.ch\/site\/wp-content\/uploads\/2009\/01\/lost-in-time-cover.jpg 450w, http:\/\/www.orformornorm.ch\/site\/wp-content\/uploads\/2009\/01\/lost-in-time-cover-300x252.jpg 300w\" sizes=\"(max-width: 450px) 100vw, 450px\" \/><\/p>\n<p><img decoding=\"async\" loading=\"lazy\" class=\"alignnone size-full wp-image-680\" style=\"margin-bottom: 10px;\" title=\"lost-in-time-in\" src=\"http:\/\/www.orformornorm.ch\/site\/wp-content\/uploads\/2009\/01\/lost-in-time-in.jpg\" alt=\"lost-in-time-in\" width=\"450\" height=\"207\" srcset=\"http:\/\/www.orformornorm.ch\/site\/wp-content\/uploads\/2009\/01\/lost-in-time-in.jpg 450w, http:\/\/www.orformornorm.ch\/site\/wp-content\/uploads\/2009\/01\/lost-in-time-in-300x138.jpg 300w\" sizes=\"(max-width: 450px) 100vw, 450px\" \/><\/p>\n<p><img decoding=\"async\" loading=\"lazy\" class=\"alignnone size-full wp-image-681\" style=\"margin-bottom: 10px;\" title=\"lost-in-time-back\" src=\"http:\/\/www.orformornorm.ch\/site\/wp-content\/uploads\/2009\/01\/lost-in-time-back.jpg\" alt=\"lost-in-time-back\" width=\"225\" height=\"189\" \/><\/p>\n<p><strong> Lost in time<\/strong> | K.H.A. | 2008<\/p>\n<p>01 | Intro<br \/>\n02 | The takeover<br \/>\n03 | Look now<br \/>\n04 | Family tree feat. tigerlily\u00a0<a onclick=\"window.open('http:\/\/www.orformornorm.ch\/site\/wp-content\/uploads\/2009\/01\/04family-tree-feat-tigerlily.mp3','','width=200,height=50,left=0,top=0');return false;\" href=\"http:\/\/www.orformornorm.ch\/site\/wp-content\/uploads\/2009\/01\/04family-tree-feat-tigerlily.mp3\"><img decoding=\"async\" loading=\"lazy\" class=\"alignnone size-full wp-image-258\" style=\"vertical-align: middle;\" title=\"\u00e9couter\" src=\"http:\/\/www.orformornorm.ch\/site\/wp-content\/uploads\/2009\/01\/playbutton.jpg\" alt=\"playbutton\" width=\"32\" height=\"14\" \/><br \/>\n<\/a>05 | Le feat feat. Astro<br \/>\n06 | Get it right feat. Oni<br \/>\n07 | Fake friends, reak enemies<br \/>\n08 | Keep hope alive<br \/>\n09 | Interlude<br \/>\n10 | Firecracker\u00a0<a onclick=\"window.open('http:\/\/www.orformornorm.ch\/site\/wp-content\/uploads\/2009\/01\/10firecracker.mp3','','width=200,height=50,left=0,top=0');return false;\" href=\"http:\/\/www.orformornorm.ch\/site\/wp-content\/uploads\/2009\/01\/10firecracker.mp3\"><img decoding=\"async\" loading=\"lazy\" class=\"alignnone size-full wp-image-258\" style=\"vertical-align: middle;\" title=\"\u00e9couter\" src=\"http:\/\/www.orformornorm.ch\/site\/wp-content\/uploads\/2009\/01\/playbutton.jpg\" alt=\"playbutton\" width=\"32\" height=\"14\" \/><br \/>\n<\/a>11 | Money, money, money\u00a0<a onclick=\"window.open('http:\/\/www.orformornorm.ch\/site\/wp-content\/uploads\/2009\/01\/11money-money-money.mp3','','width=200,height=50,left=0,top=0');return false;\" href=\"http:\/\/www.orformornorm.ch\/site\/wp-content\/uploads\/2009\/01\/11money-money-money.mp3\"><img decoding=\"async\" loading=\"lazy\" class=\"alignnone size-full wp-image-258\" style=\"vertical-align: middle;\" title=\"\u00e9couter\" src=\"http:\/\/www.orformornorm.ch\/site\/wp-content\/uploads\/2009\/01\/playbutton.jpg\" alt=\"playbutton\" width=\"32\" height=\"14\" \/><br \/>\n<\/a>12 | I don\u2019t need that sh\u2026 feat. Oni \u2013 Epik<br \/>\n13 | Years in the making<br \/>\n14 | Let go<br \/>\n15 | Operation gangrene<br \/>\n16 | Work all ou lives<br \/>\n17 | Reachin\u2019 out feat. Faye<\/p>\n<p>No 3 | 12 | 15 | 16 et 17 produits par Tush |\u00a0No 1 | 8 et 9 produits par Skile<br \/>\nNo 2 et 11 produits par Oddrock |\u00a0No 4 et 13 produits par Dj Aydree<br \/>\nNo 5 produit par Willy Sunshine |\u00a0No 6 produit par Clems<br \/>\nNo 7 produit par Nelyo |\u00a0No 10 produit par Zone Art Productions<br \/>\nNo 14 produit par Tchakabam<br \/>\nCuts par Oddrock | sauf no 10 par Impact | et no 13 par Aydree<br \/>\nEnregistr\u00e9 et mix\u00e9 par Skile au studio oO \u00e0 Lausanne<br \/>\nMasteris\u00e9 par Mike au Dwella Sound studio \u00e0 Morges<\/p>\n<script data-cfasync=\"false\" type=\"text\/javascript\"><\/script>\n                <!-- AddThis Settings Begin -->\n                <script data-cfasync=\"false\" type=\"text\/javascript\">\n                    var addthis_product = \"wpp-5.3.0\";\n                    var wp_product_version = \"wpp-5.3.0\";\n                    var wp_blog_version = \"6.2.9\";\n                    var addthis_plugin_info = {\"info_status\":\"enabled\",\"cms_name\":\"WordPress\",\"cms_version\":\"6.2.9\",\"plugin_name\":\"Share Buttons by AddThis\",\"plugin_version\":\"5.3.0\",\"anonymous_profile_id\":\"wp-f0acefef906d734520ccba2cbbcbfb1a\",\"plugin_mode\":\"WordPress\",\"select_prefs\":{\"addthis_per_post_enabled\":true,\"addthis_above_enabled\":false,\"addthis_below_enabled\":true,\"addthis_sidebar_enabled\":false,\"addthis_mobile_toolbar_enabled\":false,\"addthis_above_showon_home\":true,\"addthis_below_showon_home\":true,\"addthis_above_showon_pages\":true,\"addthis_below_showon_pages\":true,\"addthis_above_showon_categories\":true,\"addthis_below_showon_categories\":true,\"addthis_above_showon_archives\":true,\"addthis_below_showon_archives\":true,\"addthis_above_showon_posts\":true,\"addthis_above_showon_excerpts\":true,\"addthis_below_showon_posts\":true,\"addthis_below_showon_excerpts\":true,\"addthis_sidebar_showon_home\":true,\"addthis_sidebar_showon_posts\":true,\"addthis_sidebar_showon_pages\":true,\"addthis_sidebar_showon_archives\":true,\"addthis_sidebar_showon_categories\":true,\"addthis_mobile_toolbar_showon_home\":true,\"addthis_mobile_toolbar_showon_posts\":true,\"addthis_mobile_toolbar_showon_pages\":true,\"addthis_mobile_toolbar_showon_archives\":true,\"addthis_mobile_toolbar_showon_categories\":true,\"sharing_enabled_on_post_via_metabox\":true},\"page_info\":{\"template\":false}};\n                    if (typeof(addthis_config) == \"undefined\") {\n                        var addthis_config = {\"data_track_clickback\":true,\"ui_language\":\"fr\",\"ui_atversion\":300,\"ignore_server_config\":true};\n                    }\n                    if (typeof(addthis_share) == \"undefined\") {\n                        var addthis_share = {};\n                    }\n                    if (typeof(addthis_layers) == \"undefined\") {\n                        var addthis_layers = {};\n                    }\n                <\/script>\n                <script\n                    data-cfasync=\"false\"\n                    type=\"text\/javascript\"\n                    src=\"\/\/s7.addthis.com\/js\/300\/addthis_widget.js#pubid=wp-f0acefef906d734520ccba2cbbcbfb1a \"\n                    async=\"async\"\n                >\n                <\/script>\n                <script data-cfasync=\"false\" type=\"text\/javascript\">\n                    (function() {\n                        var at_interval = setInterval(function () {\n                            if(window.addthis) {\n                                clearInterval(at_interval);\n                                addthis.layers(addthis_layers);\n                            }\n                        },1000)\n                    }());\n                <\/script>\n                ","protected":false},"excerpt":{"rendered":"<p>Lost in time | K.H.A. | 2008 01 | Intro 02 | The takeover 03 | Look now 04 | Family tree feat. tigerlily\u00a0 05 | Le feat feat. Astro 06 | Get it right feat. Oni 07 | Fake friends, reak enemies 08 | Keep hope alive 09 | Interlude 10 | Firecracker\u00a0 11 [&hellip;]<\/p>\n","protected":false},"author":1,"featured_media":0,"parent":124,"menu_order":12,"comment_status":"closed","ping_status":"closed","template":"shoptemplate.php","meta":[],"_links":{"self":[{"href":"http:\/\/www.orformornorm.ch\/site\/wp-json\/wp\/v2\/pages\/359"}],"collection":[{"href":"http:\/\/www.orformornorm.ch\/site\/wp-json\/wp\/v2\/pages"}],"about":[{"href":"http:\/\/www.orformornorm.ch\/site\/wp-json\/wp\/v2\/types\/page"}],"author":[{"embeddable":true,"href":"http:\/\/www.orformornorm.ch\/site\/wp-json\/wp\/v2\/users\/1"}],"replies":[{"embeddable":true,"href":"http:\/\/www.orformornorm.ch\/site\/wp-json\/wp\/v2\/comments?post=359"}],"version-history":[{"count":14,"href":"http:\/\/www.orformornorm.ch\/site\/wp-json\/wp\/v2\/pages\/359\/revisions"}],"predecessor-version":[{"id":362,"href":"http:\/\/www.orformornorm.ch\/site\/wp-json\/wp\/v2\/pages\/359\/revisions\/362"}],"up":[{"embeddable":true,"href":"http:\/\/www.orformornorm.ch\/site\/wp-json\/wp\/v2\/pages\/124"}],"wp:attachment":[{"href":"http:\/\/www.orformornorm.ch\/site\/wp-json\/wp\/v2\/media?parent=359"}],"curies":[{"name":"wp","href":"https:\/\/api.w.org\/{rel}","templated":true}]}}