{"id":3350,"date":"2012-01-17T20:52:34","date_gmt":"2012-01-17T19:52:34","guid":{"rendered":"http:\/\/www.orformornorm.ch\/?page_id=3350"},"modified":"2023-03-30T14:31:55","modified_gmt":"2023-03-30T13:31:55","slug":"clips","status":"publish","type":"page","link":"http:\/\/www.orformornorm.ch\/site\/clips\/","title":{"rendered":"clips"},"content":{"rendered":"<p><iframe loading=\"lazy\" src=\"\/\/www.youtube.com\/embed\/lypY9CRv-ws\" width=\"560\" height=\"314\" allowfullscreen=\"allowfullscreen\"><\/iframe><\/p>\n<p><strong>Artistiquement<\/strong> | Nokti | On fait partie du livre | 2020<\/p>\n<p>&nbsp;<\/p>\n<p><iframe loading=\"lazy\" src=\"\/\/www.youtube.com\/embed\/OO0CAnzl0mY?t=31s\" width=\"560\" height=\"314\" allowfullscreen=\"allowfullscreen\"><\/iframe><\/p>\n<p><strong>Immortels<\/strong> | Hades, Marcel Polaire, Kyst | Immortels | 2020<\/p>\n<p>&nbsp;<\/p>\n<p><iframe loading=\"lazy\" src=\"\/\/www.youtube.com\/embed\/1E51qwwfdQg\" width=\"560\" height=\"314\" allowfullscreen=\"allowfullscreen\"><\/iframe><\/p>\n<p><strong>Poudre Blanche\u00a0<\/strong>| Hades, Marcel Polaire, Kyst | Immortels | 2020<\/p>\n<p>&nbsp;<\/p>\n<p><iframe loading=\"lazy\" src=\"\/\/www.youtube.com\/embed\/QYjM_MumXeY\" width=\"560\" height=\"314\" allowfullscreen=\"allowfullscreen\"><\/iframe><\/p>\n<p><strong>Dominique Herr<\/strong> |\u00a0Hades, Marcel Polaire, Kyst | Immortels | 2020<\/p>\n<p>&nbsp;<\/p>\n<p><iframe loading=\"lazy\" src=\"\/\/www.youtube.com\/embed\/E6TIO3f7hXI\" width=\"560\" height=\"314\" allowfullscreen=\"allowfullscreen\"><\/iframe><\/p>\n<p><strong>Plus rien<\/strong> | le floOw avec Marc Jufer | floOw up | 2019<br \/>\nProduit par Skile<br \/>\nR\u00e9alis\u00e9 par Steven spliffberg<\/p>\n<p>&nbsp;<\/p>\n<p><iframe loading=\"lazy\" src=\"\/\/www.youtube.com\/embed\/Xib1Ju-kaRM\" width=\"560\" height=\"314\" allowfullscreen=\"allowfullscreen\"><\/iframe><\/p>\n<p><strong>Pas de swagg<\/strong> | Nokti | 2018<br \/>\nProduit par Phonk Sycke<br \/>\nR\u00e9alis\u00e9 par RaphiFilms<\/p>\n<p>&nbsp;<\/p>\n<p><iframe loading=\"lazy\" src=\"\/\/www.youtube.com\/embed\/rk9hJzWGzu0\" width=\"560\" height=\"314\" allowfullscreen=\"allowfullscreen\"><\/iframe><br \/>\n<strong>D.I.T.C.<\/strong> <strong>Face B\u00a0<\/strong>| Nokti | 2018<\/p>\n<p>&nbsp;<\/p>\n<p><iframe loading=\"lazy\" src=\"\/\/www.youtube.com\/embed\/6IrqhfeK-jQ\" width=\"560\" height=\"314\" allowfullscreen=\"allowfullscreen\"><\/iframe><br \/>\n<strong>J&rsquo;donne des bijoux pour les jeunes gosses<\/strong> | Dchronologies | Nokti X Intifada Beats | 2018<br \/>\nR\u00e9alis\u00e9 par Dario El Cuchu<\/p>\n<p>&nbsp;<\/p>\n<p><iframe loading=\"lazy\" src=\"\/\/www.youtube.com\/embed\/pW0xHJ0xEJM\" width=\"560\" height=\"314\" allowfullscreen=\"allowfullscreen\"><\/iframe><\/p>\n<p><strong>Pas forcer le trait<\/strong>\u00a0avec MOH | Chill (avec viande) | 2017<br \/>\nProduit par Skile<br \/>\nR\u00e9alis\u00e9 par Mirko Laflamme<\/p>\n<p>&nbsp;<\/p>\n<p><iframe loading=\"lazy\" src=\"\/\/www.youtube.com\/embed\/c6eejHcoTYw\" width=\"560\" height=\"314\" allowfullscreen=\"allowfullscreen\"><\/iframe><\/p>\n<p><strong>Epoque classique<\/strong> |\u00a0Projet Wlair Bitch | Marcel Polaire, Bub Le Zombie, Mr. Belly | 2017<br \/>\nProduit par Mr. Belly<\/p>\n<p>&nbsp;<\/p>\n<p><iframe loading=\"lazy\" src=\"\/\/www.youtube.com\/embed\/0GphjfzajFs\" width=\"560\" height=\"314\" allowfullscreen=\"allowfullscreen\"><\/iframe><\/p>\n<p><strong>Puke<\/strong> | Projet Wlair Bitch | Marcel Polaire, Bub Le Zombie, Mr. Belly | 2017<br \/>\nProduit par Mr. Belly<br \/>\nR\u00e9alis\u00e9 par Mirko Laflamme<\/p>\n<p>&nbsp;<\/p>\n<p><iframe loading=\"lazy\" src=\"\/\/www.youtube.com\/embed\/tb77epVA1pc\" width=\"560\" height=\"314\" allowfullscreen=\"allowfullscreen\"><\/iframe><\/p>\n<p><strong>Danse de la pluie<\/strong> | le floOw | le floOw | 2016<br \/>\nProduit par Skile<br \/>\nR\u00e9alis\u00e9 par Rapha\u00ebl Piguet &amp; Giona Mottura<br \/>\nImages &amp; montage: Rapha\u00ebl Piguet<br \/>\nLumi\u00e8res: Frederico Lopes<br \/>\nCostumes et D\u00e9cors: Roxanne Schildknecht<br \/>\nMat\u00e9riel &amp; \u00e9talonnage: Inred Production<\/p>\n<p>&nbsp;<\/p>\n<p>&nbsp;<\/p>\n<p><iframe loading=\"lazy\" src=\"\/\/www.youtube.com\/embed\/KQiD1hx-XvM\" width=\"560\" height=\"314\" allowfullscreen=\"allowfullscreen\"><\/iframe><\/p>\n<p><strong>Voyage<\/strong>\u00a0| Nokti feat. G.O.D. part. 3 | 2016<br \/>\nR\u00e9alis\u00e9 par Hostage Media<\/p>\n<p>&nbsp;<\/p>\n<p>&nbsp;<\/p>\n<p><iframe loading=\"lazy\" src=\"\/\/www.youtube.com\/embed\/tkFDx6AftM8\" width=\"560\" height=\"314\" allowfullscreen=\"allowfullscreen\"><\/iframe><\/p>\n<p><strong>Dans la nuit |\u00a0<\/strong>le floOw &amp; Astro | le floOw | 2015<br \/>\nProduit par Skile<br \/>\nR\u00e9alis\u00e9 par Tiago Branquino pour Les Trois Petits Points<br \/>\nMont\u00e9 par Nicolas Rohrer \u00a0pour Les trois Petits Points<\/p>\n<p>&nbsp;<\/p>\n<p><iframe loading=\"lazy\" src=\"\/\/www.youtube.com\/embed\/hXrUyhUejf8\" width=\"560\" height=\"314\" allowfullscreen=\"allowfullscreen\"><\/iframe><\/p>\n<p><strong>shot in the night |\u00a0<\/strong>tigerlily &#8211; Skile &#8211; No Games | Be Kind Record | 2015<br \/>\nproduit par Skile<br \/>\nr\u00e9alis\u00e9 par Artieda Films<br \/>\navec la participation de Alexa Del Risco<\/p>\n<p>&nbsp;<\/p>\n<p>&nbsp;<\/p>\n<p><iframe loading=\"lazy\" src=\"\/\/player.vimeo.com\/video\/103642109?title=0&amp;byline=0&amp;portrait=0&amp;color=8dc7dc\" width=\"425\" height=\"350\" allowfullscreen=\"allowfullscreen\"><\/iframe><\/p>\n<p><strong>Reste Hip Hop II<\/strong> | Nokti &amp; M.O.H feat. Nostra | Une journ\u00e9e Hip Hop | 2011<br \/>\nproduit par Skile<br \/>\nr\u00e9alis\u00e9 par Hostage Media<\/p>\n<p>&nbsp;<\/p>\n<p>&nbsp;<\/p>\n<p><iframe loading=\"lazy\" src=\"\/\/player.vimeo.com\/video\/75085427?title=0&amp;byline=0&amp;portrait=0&amp;color=8dc7dc\" width=\"425\" height=\"350\" allowfullscreen=\"allowfullscreen\"><\/iframe><\/p>\n<p><strong>Emotionless |<\/strong> Nokti<br \/>\nr\u00e9alis\u00e9 par Hostage Media<br \/>\ninstru Jim Jones<\/p>\n<p>&nbsp;<\/p>\n<p><iframe loading=\"lazy\" src=\"http:\/\/www.youtube.com\/embed\/MJzWfYpxnYI\" width=\"450\" height=\"253\" frameborder=\"0\"><\/iframe><\/p>\n<p>Heures Sales | Nokti, Vermino, Ttenor | BacKStaGe2 | 2013<br \/>\nproduit par Skile<br \/>\nr\u00e9alis\u00e9 par Kwilu Films<\/p>\n<p>&nbsp;<\/p>\n<p><iframe loading=\"lazy\" src=\"http:\/\/www.youtube.com\/embed\/8VPqP_nLJww\" width=\"450\" height=\"253\" frameborder=\"0\"><\/iframe><\/p>\n<p>Temps de pluie | Case N\u00e8gre | Prologue | 2004<br \/>\nproduit par Skile<br \/>\nPour mes potes | Case N\u00e8gre | in\u00e9dit<br \/>\nproduit par El Stratos<br \/>\nr\u00e9alis\u00e9 par El Stratos pour C\u00e9mont Films<\/p>\n<p>&nbsp;<\/p>\n<p><iframe loading=\"lazy\" src=\"http:\/\/www.youtube.com\/embed\/SQCXZIcZyA8\" width=\"450\" height=\"253\" frameborder=\"0\"><\/iframe><\/p>\n<p>Plus rien n&rsquo;est compliqu\u00e9 | \u00a0Bub Le Zombie | 2012 &#8211; la collection apocalypse | 2012<br \/>\nproduit par Skile<br \/>\nr\u00e9alis\u00e9 par Rapha\u00ebl Piguet &#8211; www.jmoins1.ch<\/p>\n<p>&nbsp;<\/p>\n<p>&nbsp;<\/p>\n<p><iframe loading=\"lazy\" src=\"\/\/www.youtube.com\/embed\/GhSXAEKLMvo\" width=\"450\" height=\"253\" frameborder=\"0\"><\/iframe><br \/>\nNokti<br \/>\nr\u00e9alis\u00e9 par Kwilu Films<br \/>\ninstru Roc Marciano<\/p>\n<p>&nbsp;<\/p>\n<p>&nbsp;<\/p>\n<p>&nbsp;<\/p>\n<p><iframe loading=\"lazy\" src=\"http:\/\/www.youtube.com\/embed\/V9pnjwovY64\" width=\"450\" height=\"253\" frameborder=\"0\"><\/iframe><\/p>\n<p>Backstage | Nokti, TTenor, Webster, Toffy Jamabiah | BacKStaGe2 | 2012<br \/>\nproduit par Skile<br \/>\nr\u00e9alis\u00e9 par Kwilu Films<\/p>\n<p>&nbsp;<\/p>\n<p>&nbsp;<\/p>\n<p>[vimeo 41698217]<\/p>\n<p>1Per7Ible | Une journ\u00e9e Hip Hop<br \/>\nproduit par Skile<br \/>\nr\u00e9alis\u00e9 par Cemont Films, \u00e9dit\u00e9 par Kwilu Films<\/p>\n<p>&nbsp;<\/p>\n<p>&nbsp;<\/p>\n<p>&nbsp;<\/p>\n<p>[youtube YKzQ9OWqZbc]<\/p>\n<p><strong>Rat Race |<\/strong> Nokti &amp; M.O.H feat. Nessbi Diniero | Une journ\u00e9e Hip Hop<br \/>\nproduit par Skile<br \/>\nr\u00e9alis\u00e9 par Hostage Media<\/p>\n<p>&nbsp;<\/p>\n<p>&nbsp;<\/p>\n<p>&nbsp;<\/p>\n<p>[vimeo 37131709]<\/p>\n<p><strong>Tout n&rsquo;arrive pas pour rien | <\/strong>Skile &amp; Vermino | micro projet Skile &amp; Vermino<br \/>\nproduit par Skile<br \/>\nr\u00e9alis\u00e9 par C\u00e9mont Films,\u00a0\u00e9dit\u00e9 par K8 pour Kwilu Films<\/p>\n<p>&nbsp;<\/p>\n<p>&nbsp;<\/p>\n<p>&nbsp;<\/p>\n<p>[youtube uKOgciaDEM8]<\/p>\n<p><strong>Grande Musique | <\/strong>Nokti &amp; M.O.H feat. Nostra et Vermino | Une journ\u00e9e Hip Hop<br \/>\nproduit par Oddrock<br \/>\nr\u00e9alis\u00e9 par C\u00e9mont Films,\u00a0\u00e9dit\u00e9 par K8 pour Kwilu Films<\/p>\n<p>&nbsp;<\/p>\n<p>&nbsp;<\/p>\n<p>&nbsp;<\/p>\n<p>[youtube e2EB6tcy_YU]<\/p>\n<p><strong>Remercie <\/strong>| Nokti &amp; M.O.H feat. V\u00e9li (Case N\u00e8gre) | Une journ\u00e9e Hip Hop<strong><br \/>\n<\/strong>produit par Skile, cuts par DJ No Games<br \/>\nr\u00e9alis\u00e9 par C\u00e9mont Kwilu Films<\/p>\n<p>&nbsp;<\/p>\n<p>&nbsp;<\/p>\n<p>&nbsp;<\/p>\n<p>[youtube ELW7clBrDiM]<\/p>\n<p><strong>Humano\u00efde rap <\/strong>| Nokti | Volume oO2<br \/>\nproduit par Skile<br \/>\nr\u00e9alis\u00e9 par V\u00e9li<\/p>\n<p>&nbsp;<\/p>\n<p>&nbsp;<\/p>\n<p>&nbsp;<\/p>\n<p>[youtube 0PNBkJRsoGE]<\/p>\n<p><strong>Maintenant<\/strong> | Nokti &amp; M.O.H | Une journ\u00e9e Hip Hop<br \/>\nproduit par Skile<br \/>\nr\u00e9alis\u00e9 par Noxediem (www.noxediem.ch)<\/p>\n<p>&nbsp;<\/p>\n<p>&nbsp;<\/p>\n<p>&nbsp;<\/p>\n<p>[youtube 6dkaHCRfma4]<\/p>\n<p><strong>Bang bang<\/strong> | V\u00e9li (Case N\u00e8gre) | Volume oO2<br \/>\nproduit par Skile<br \/>\nr\u00e9alis\u00e9 par V\u00e9li<br \/>\n<iframe loading=\"lazy\" src=\"\/\/www.youtube.com\/embed\/ZupwOKv2Ang\" width=\"450\" height=\"338\" frameborder=\"0\"><\/iframe><\/p>\n<p><strong>Ma vie un film |\u00a0<\/strong>Mens Sana | Disque de chevet<br \/>\nproduit par Willy Sunshine<br \/>\nr\u00e9alis\u00e9 par flocon errant<\/p>\n<script data-cfasync=\"false\" type=\"text\/javascript\"><\/script>\n                <!-- AddThis Settings Begin -->\n                <script data-cfasync=\"false\" type=\"text\/javascript\">\n                    var addthis_product = \"wpp-5.3.0\";\n                    var wp_product_version = \"wpp-5.3.0\";\n                    var wp_blog_version = \"6.2.9\";\n                    var addthis_plugin_info = {\"info_status\":\"enabled\",\"cms_name\":\"WordPress\",\"cms_version\":\"6.2.9\",\"plugin_name\":\"Share Buttons by AddThis\",\"plugin_version\":\"5.3.0\",\"anonymous_profile_id\":\"wp-f0acefef906d734520ccba2cbbcbfb1a\",\"plugin_mode\":\"WordPress\",\"select_prefs\":{\"addthis_per_post_enabled\":true,\"addthis_above_enabled\":false,\"addthis_below_enabled\":true,\"addthis_sidebar_enabled\":false,\"addthis_mobile_toolbar_enabled\":false,\"addthis_above_showon_home\":true,\"addthis_below_showon_home\":true,\"addthis_above_showon_pages\":true,\"addthis_below_showon_pages\":true,\"addthis_above_showon_categories\":true,\"addthis_below_showon_categories\":true,\"addthis_above_showon_archives\":true,\"addthis_below_showon_archives\":true,\"addthis_above_showon_posts\":true,\"addthis_above_showon_excerpts\":true,\"addthis_below_showon_posts\":true,\"addthis_below_showon_excerpts\":true,\"addthis_sidebar_showon_home\":true,\"addthis_sidebar_showon_posts\":true,\"addthis_sidebar_showon_pages\":true,\"addthis_sidebar_showon_archives\":true,\"addthis_sidebar_showon_categories\":true,\"addthis_mobile_toolbar_showon_home\":true,\"addthis_mobile_toolbar_showon_posts\":true,\"addthis_mobile_toolbar_showon_pages\":true,\"addthis_mobile_toolbar_showon_archives\":true,\"addthis_mobile_toolbar_showon_categories\":true,\"sharing_enabled_on_post_via_metabox\":true},\"page_info\":{\"template\":false}};\n                    if (typeof(addthis_config) == \"undefined\") {\n                        var addthis_config = {\"data_track_clickback\":true,\"ui_language\":\"fr\",\"ui_atversion\":300,\"ignore_server_config\":true};\n                    }\n                    if (typeof(addthis_share) == \"undefined\") {\n                        var addthis_share = {};\n                    }\n                    if (typeof(addthis_layers) == \"undefined\") {\n                        var addthis_layers = {};\n                    }\n                <\/script>\n                <script\n                    data-cfasync=\"false\"\n                    type=\"text\/javascript\"\n                    src=\"\/\/s7.addthis.com\/js\/300\/addthis_widget.js#pubid=wp-f0acefef906d734520ccba2cbbcbfb1a \"\n                    async=\"async\"\n                >\n                <\/script>\n                <script data-cfasync=\"false\" type=\"text\/javascript\">\n                    (function() {\n                        var at_interval = setInterval(function () {\n                            if(window.addthis) {\n                                clearInterval(at_interval);\n                                addthis.layers(addthis_layers);\n                            }\n                        },1000)\n                    }());\n                <\/script>\n                ","protected":false},"excerpt":{"rendered":"<p>Artistiquement | Nokti | On fait partie du livre | 2020 &nbsp; Immortels | Hades, Marcel Polaire, Kyst | Immortels | 2020 &nbsp; Poudre Blanche\u00a0| Hades, Marcel Polaire, Kyst | Immortels | 2020 &nbsp; Dominique Herr |\u00a0Hades, Marcel Polaire, Kyst | Immortels | 2020 &nbsp; Plus rien | le floOw avec Marc Jufer | floOw [&hellip;]<\/p>\n","protected":false},"author":3,"featured_media":0,"parent":0,"menu_order":4,"comment_status":"open","ping_status":"open","template":"pagetemplate.php","meta":[],"_links":{"self":[{"href":"http:\/\/www.orformornorm.ch\/site\/wp-json\/wp\/v2\/pages\/3350"}],"collection":[{"href":"http:\/\/www.orformornorm.ch\/site\/wp-json\/wp\/v2\/pages"}],"about":[{"href":"http:\/\/www.orformornorm.ch\/site\/wp-json\/wp\/v2\/types\/page"}],"author":[{"embeddable":true,"href":"http:\/\/www.orformornorm.ch\/site\/wp-json\/wp\/v2\/users\/3"}],"replies":[{"embeddable":true,"href":"http:\/\/www.orformornorm.ch\/site\/wp-json\/wp\/v2\/comments?post=3350"}],"version-history":[{"count":36,"href":"http:\/\/www.orformornorm.ch\/site\/wp-json\/wp\/v2\/pages\/3350\/revisions"}],"predecessor-version":[{"id":5190,"href":"http:\/\/www.orformornorm.ch\/site\/wp-json\/wp\/v2\/pages\/3350\/revisions\/5190"}],"wp:attachment":[{"href":"http:\/\/www.orformornorm.ch\/site\/wp-json\/wp\/v2\/media?parent=3350"}],"curies":[{"name":"wp","href":"https:\/\/api.w.org\/{rel}","templated":true}]}}