{"id":210,"date":"2009-01-21T10:51:53","date_gmt":"2009-01-21T09:51:53","guid":{"rendered":"http:\/\/www.orformornorm.ch\/site\/?page_id=210"},"modified":"2012-11-07T17:12:12","modified_gmt":"2012-11-07T16:12:12","slug":"volume-oo1","status":"publish","type":"page","link":"http:\/\/www.orformornorm.ch\/site\/discographie\/volume-oo1\/","title":{"rendered":"Volume oO1"},"content":{"rendered":"<p><img decoding=\"async\" loading=\"lazy\" class=\"alignnone size-full wp-image-684\" style=\"margin-bottom: 10px;\" title=\"compilation_oo11\" src=\"http:\/\/www.orformornorm.ch\/site\/wp-content\/uploads\/2009\/01\/compilation_oo11.jpg\" alt=\"compilation_oo11\" width=\"450\" height=\"440\" srcset=\"http:\/\/www.orformornorm.ch\/site\/wp-content\/uploads\/2009\/01\/compilation_oo11.jpg 450w, http:\/\/www.orformornorm.ch\/site\/wp-content\/uploads\/2009\/01\/compilation_oo11-300x293.jpg 300w\" sizes=\"(max-width: 450px) 100vw, 450px\" \/><br \/>\n<strong> Volume oO1<\/strong> | orformOrnorm | 2008<\/p>\n<p>01 | Les gammes | Pouic-Pouic \u2013 Astro \u2013 Skizo \u2013 Dezunam \u2013 Bub Le Zombie \u2013 Kef \u2013 Akira \u2013 Skile<br \/>\n02 | Imposture | Astro \u2013 Willy Sunshine\u00a0<a onclick=\"window.open('http:\/\/www.orformornorm.ch\/site\/wp-content\/uploads\/2009\/01\/02imposture-astro_willy-sunshine.mp3','','width=200,height=50,left=0,top=0');return false;\" href=\"http:\/\/www.orformornorm.ch\/site\/wp-content\/uploads\/2009\/01\/02imposture-astro_willy-sunshine.mp3\"><img decoding=\"async\" loading=\"lazy\" class=\"alignnone size-full wp-image-258\" style=\"vertical-align: middle;\" title=\"\u00e9couter\" src=\"http:\/\/www.orformornorm.ch\/site\/wp-content\/uploads\/2009\/01\/playbutton.jpg\" alt=\"playbutton\" width=\"32\" height=\"14\" \/><\/a><br \/>\n03 | P&rsquo;tite fille moche | Megaton B-Boys \u2013 Skile<br \/>\n04 | Des mots et des phases 2 | Kef \u2013 Robert Roccobelly \u2013 Bub Le Zombie \u2013 Astro \u00ac Willy Sunshine<br \/>\n05 | Blouson noir | Akira \u2013 Skile<br \/>\n06 | Ptsd | Mens Sana \u2013 Willy Sunshine<br \/>\n07 | Ex Nihilo | Dezunam \u2013 La Nina Maldita<br \/>\n08 | Classe C | Skizo \u2013 Bub Le Zombie \u2013 Skile<br \/>\n09 | Solf\u00e8ge | Amnesty \u2013 Oddrock<br \/>\n10 | Garde-Robe | Akira \u2013 Astro \u2013 Kef \u2013 Skile\u00a0<a onclick=\"window.open('http:\/\/www.orformornorm.ch\/site\/wp-content\/uploads\/2009\/01\/10garde-robe-akira-astro-kef_skile.mp3','','width=200,height=50,left=0,top=0');return false;\" href=\"http:\/\/www.orformornorm.ch\/site\/wp-content\/uploads\/2009\/01\/10garde-robe-akira-astro-kef_skile.mp3\"><img decoding=\"async\" loading=\"lazy\" class=\"alignnone size-full wp-image-258\" style=\"vertical-align: middle;\" title=\"\u00e9couter\" src=\"http:\/\/www.orformornorm.ch\/site\/wp-content\/uploads\/2009\/01\/playbutton.jpg\" alt=\"playbutton\" width=\"32\" height=\"14\" \/><\/a><br \/>\n11 | Sometimes | Soulprints \u2013 Willy Sunshine<br \/>\n12 | Trip Gore | Bub Le Zombie \u2013 Skile<br \/>\n13 | Aujourd&rsquo;hui | Skizo \u2013 Kef \u2013 Willy Sunshine<br \/>\n14 | Apparences | Amnesty \u2013 Nokti \u2013 Skile<br \/>\n15 | A Contre Courant | Kef \u2013 Willy Sunshine<br \/>\n16 | Prescience | Acousma4 \u2013 Marc Jufer<br \/>\n17 | Le Feeling | Kef \u2013 Astro \u2013 Jesus Gomez \u2013 Skile<br \/>\n18 | More Than Magic | Kaydee \u2013 Akira \u2013 Oddrock<br \/>\n19 | Jam Au Studio | Faye \u2013 Amnesty \u2013 Kef \u2013 Skizo \u2013 Dezunam \u2013 Acousma4<\/p>\n<p>No 1, 3, 5, 8, 10, 12, 14, 17 produits par Skile<br \/>\nNo 2, 4, 6, 11, 13, 15 produits par Willy Sunshine<br \/>\nNo 9 et 18 produits par Oddrock<br \/>\nCuts par Oddrock<br \/>\nEnregistr\u00e9 et mix\u00e9 par Skile au studio Le Local \u00e0 Lausanne sauf 16 mix\u00e9 par Totorhead<br \/>\nMasteris\u00e9 par Djooz au studio Feelin<br \/>\nGraphisme par Sibylle<br \/>\n2008 \u00a9 orformOrnorm.ch<\/p>\n<p><a href=\"http:\/\/www.orformornorm.ch\/telechargements\" target=\"_blank\">TELECHARGER<\/a><\/p>\n<script data-cfasync=\"false\" type=\"text\/javascript\"><\/script>\n                <!-- AddThis Settings Begin -->\n                <script data-cfasync=\"false\" type=\"text\/javascript\">\n                    var addthis_product = \"wpp-5.3.0\";\n                    var wp_product_version = \"wpp-5.3.0\";\n                    var wp_blog_version = \"6.2.9\";\n                    var addthis_plugin_info = {\"info_status\":\"enabled\",\"cms_name\":\"WordPress\",\"cms_version\":\"6.2.9\",\"plugin_name\":\"Share Buttons by AddThis\",\"plugin_version\":\"5.3.0\",\"anonymous_profile_id\":\"wp-f0acefef906d734520ccba2cbbcbfb1a\",\"plugin_mode\":\"WordPress\",\"select_prefs\":{\"addthis_per_post_enabled\":true,\"addthis_above_enabled\":false,\"addthis_below_enabled\":true,\"addthis_sidebar_enabled\":false,\"addthis_mobile_toolbar_enabled\":false,\"addthis_above_showon_home\":true,\"addthis_below_showon_home\":true,\"addthis_above_showon_pages\":true,\"addthis_below_showon_pages\":true,\"addthis_above_showon_categories\":true,\"addthis_below_showon_categories\":true,\"addthis_above_showon_archives\":true,\"addthis_below_showon_archives\":true,\"addthis_above_showon_posts\":true,\"addthis_above_showon_excerpts\":true,\"addthis_below_showon_posts\":true,\"addthis_below_showon_excerpts\":true,\"addthis_sidebar_showon_home\":true,\"addthis_sidebar_showon_posts\":true,\"addthis_sidebar_showon_pages\":true,\"addthis_sidebar_showon_archives\":true,\"addthis_sidebar_showon_categories\":true,\"addthis_mobile_toolbar_showon_home\":true,\"addthis_mobile_toolbar_showon_posts\":true,\"addthis_mobile_toolbar_showon_pages\":true,\"addthis_mobile_toolbar_showon_archives\":true,\"addthis_mobile_toolbar_showon_categories\":true,\"sharing_enabled_on_post_via_metabox\":true},\"page_info\":{\"template\":false}};\n                    if (typeof(addthis_config) == \"undefined\") {\n                        var addthis_config = {\"data_track_clickback\":true,\"ui_language\":\"fr\",\"ui_atversion\":300,\"ignore_server_config\":true};\n                    }\n                    if (typeof(addthis_share) == \"undefined\") {\n                        var addthis_share = {};\n                    }\n                    if (typeof(addthis_layers) == \"undefined\") {\n                        var addthis_layers = {};\n                    }\n                <\/script>\n                <script\n                    data-cfasync=\"false\"\n                    type=\"text\/javascript\"\n                    src=\"\/\/s7.addthis.com\/js\/300\/addthis_widget.js#pubid=wp-f0acefef906d734520ccba2cbbcbfb1a \"\n                    async=\"async\"\n                >\n                <\/script>\n                <script data-cfasync=\"false\" type=\"text\/javascript\">\n                    (function() {\n                        var at_interval = setInterval(function () {\n                            if(window.addthis) {\n                                clearInterval(at_interval);\n                                addthis.layers(addthis_layers);\n                            }\n                        },1000)\n                    }());\n                <\/script>\n                ","protected":false},"excerpt":{"rendered":"<p>Volume oO1 | orformOrnorm | 2008 01 | Les gammes | Pouic-Pouic \u2013 Astro \u2013 Skizo \u2013 Dezunam \u2013 Bub Le Zombie \u2013 Kef \u2013 Akira \u2013 Skile 02 | Imposture | Astro \u2013 Willy Sunshine\u00a0 03 | P&rsquo;tite fille moche | Megaton B-Boys \u2013 Skile 04 | Des mots et des phases 2 | [&hellip;]<\/p>\n","protected":false},"author":1,"featured_media":0,"parent":24,"menu_order":13,"comment_status":"closed","ping_status":"closed","template":"releasestemplate.php","meta":[],"_links":{"self":[{"href":"http:\/\/www.orformornorm.ch\/site\/wp-json\/wp\/v2\/pages\/210"}],"collection":[{"href":"http:\/\/www.orformornorm.ch\/site\/wp-json\/wp\/v2\/pages"}],"about":[{"href":"http:\/\/www.orformornorm.ch\/site\/wp-json\/wp\/v2\/types\/page"}],"author":[{"embeddable":true,"href":"http:\/\/www.orformornorm.ch\/site\/wp-json\/wp\/v2\/users\/1"}],"replies":[{"embeddable":true,"href":"http:\/\/www.orformornorm.ch\/site\/wp-json\/wp\/v2\/comments?post=210"}],"version-history":[{"count":10,"href":"http:\/\/www.orformornorm.ch\/site\/wp-json\/wp\/v2\/pages\/210\/revisions"}],"predecessor-version":[{"id":3954,"href":"http:\/\/www.orformornorm.ch\/site\/wp-json\/wp\/v2\/pages\/210\/revisions\/3954"}],"up":[{"embeddable":true,"href":"http:\/\/www.orformornorm.ch\/site\/wp-json\/wp\/v2\/pages\/24"}],"wp:attachment":[{"href":"http:\/\/www.orformornorm.ch\/site\/wp-json\/wp\/v2\/media?parent=210"}],"curies":[{"name":"wp","href":"https:\/\/api.w.org\/{rel}","templated":true}]}}