{"id":201,"date":"2009-01-21T10:46:58","date_gmt":"2009-01-21T09:46:58","guid":{"rendered":"http:\/\/www.orformornorm.ch\/site\/?page_id=201"},"modified":"2015-02-07T16:57:37","modified_gmt":"2015-02-07T15:57:37","slug":"food-for-ya-soul-vol1","status":"publish","type":"page","link":"http:\/\/www.orformornorm.ch\/site\/discographie\/food-for-ya-soul-vol1\/","title":{"rendered":"Food for ya Soul-vol.1"},"content":{"rendered":"<p><img decoding=\"async\" loading=\"lazy\" class=\"alignnone size-full wp-image-662\" style=\"margin-bottom: 10px;\" title=\"ffys-01-cover\" src=\"http:\/\/www.orformornorm.ch\/site\/wp-content\/uploads\/2009\/01\/ffys-01-cover.jpg\" alt=\"ffys-01-cover\" width=\"450\" height=\"393\" srcset=\"http:\/\/www.orformornorm.ch\/site\/wp-content\/uploads\/2009\/01\/ffys-01-cover.jpg 450w, http:\/\/www.orformornorm.ch\/site\/wp-content\/uploads\/2009\/01\/ffys-01-cover-300x262.jpg 300w\" sizes=\"(max-width: 450px) 100vw, 450px\" \/><br \/>\n<img decoding=\"async\" loading=\"lazy\" class=\"alignnone size-full wp-image-663\" style=\"margin-bottom: 10px;\" title=\"ffys-01-in\" src=\"http:\/\/www.orformornorm.ch\/site\/wp-content\/uploads\/2009\/01\/ffys-01-in.jpg\" alt=\"ffys-01-in\" width=\"450\" height=\"206\" srcset=\"http:\/\/www.orformornorm.ch\/site\/wp-content\/uploads\/2009\/01\/ffys-01-in.jpg 450w, http:\/\/www.orformornorm.ch\/site\/wp-content\/uploads\/2009\/01\/ffys-01-in-300x137.jpg 300w\" sizes=\"(max-width: 450px) 100vw, 450px\" \/><br \/>\n<img decoding=\"async\" loading=\"lazy\" class=\"alignnone size-full wp-image-664\" style=\"margin-bottom: 10px;\" title=\"ffys-01-back\" src=\"http:\/\/www.orformornorm.ch\/site\/wp-content\/uploads\/2009\/01\/ffys-01-back.jpg\" alt=\"ffys-01-back\" width=\"225\" height=\"197\" \/><br \/>\n<strong> <\/strong><\/p>\n<p><strong>(Out Of Stock!)<\/strong><\/p>\n<p><strong>Volume 1<\/strong> | Food for ya Soul | 2006<strong><\/strong><\/p>\n<p>01 | Introdd&rsquo;uction | DJ Oddrock<br \/>\n02 | Girls can&rsquo;t do what the guys do | Betty Wright<br \/>\n03 | Love love love | Donny Hathaway<br \/>\n04 | Sounds like a love song | Bobby Glenn<br \/>\n05 | Let&rsquo;s straighten it out | Gwen Mccrae \u2013 Shaka Z\u00a0<a title=\"la r\u00e9volution | Mens Sana\" onclick=\"window.open('http:\/\/www.orformornorm.ch\/site\/wp-content\/uploads\/2009\/01\/05let-s-straighten-it-out-gwen-mccrae-feat-shaka-z.mp3','','width=200,height=50,left=0,top=0');return false;\" href=\"http:\/\/www.orformornorm.ch\/site\/wp-content\/uploads\/2009\/01\/05let-s-straighten-it-out-gwen-mccrae-feat-shaka-z.mp3\"><img decoding=\"async\" loading=\"lazy\" class=\"alignnone size-full wp-image-258\" style=\"vertical-align: middle;\" title=\"\u00e9couter\" src=\"http:\/\/www.orformornorm.ch\/site\/wp-content\/uploads\/2009\/01\/playbutton.jpg\" alt=\"playbutton\" width=\"32\" height=\"14\" \/><\/a><br \/>\n06 | You and I | Betty Davis<br \/>\n07 | It&rsquo;s because I&rsquo;m black | Sly Johnson<br \/>\n08 | Iwish you were here | Al Green<br \/>\n09 | Love need and want you | Patty Labelle<br \/>\n10 | Please don&rsquo;t say (once you go away) | Marvin Gaye<br \/>\n11 | There is nothing in the world that can stop me from lovin&rsquo; you | Tom Brock<br \/>\n12 | Tapas del Jefe | DJ Chikano<br \/>\n13 | My diary | Amnesty\u00a0<a title=\"la r\u00e9volution | Mens Sana\" onclick=\"window.open('http:\/\/www.orformornorm.ch\/site\/wp-content\/uploads\/2009\/01\/13my-diary-amnesty.mp3','','width=200,height=50,left=0,top=0');return false;\" href=\"http:\/\/www.orformornorm.ch\/site\/wp-content\/uploads\/2009\/01\/13my-diary-amnesty.mp3\"><img decoding=\"async\" loading=\"lazy\" class=\"alignnone size-full wp-image-258\" style=\"vertical-align: middle;\" title=\"\u00e9couter\" src=\"http:\/\/www.orformornorm.ch\/site\/wp-content\/uploads\/2009\/01\/playbutton.jpg\" alt=\"playbutton\" width=\"32\" height=\"14\" \/><\/a><br \/>\n14 | Lovin&rsquo; you | Minnie Riperton<br \/>\n15 | Interl&rsquo;odd | DJ Oddrock<br \/>\n16 | Lucky fellow | The Independents<br \/>\n17 | It&rsquo;s time to break down |\u00a0 The Supremes<br \/>\n18 | Ooh child | Five Stairsteps<br \/>\n19 | Who&rsquo;s gonna take the blame? | Smokey Robinson \u2013 The Miracles<br \/>\n20 | I forgot to be your lover | William Bell<br \/>\n21 | Inside my love | Minnie Riperton<br \/>\n22 | Sad Song | Soulprints\u00a0<a title=\"la r\u00e9volution | Mens Sana\" onclick=\"window.open('http:\/\/www.orformornorm.ch\/site\/wp-content\/uploads\/2009\/01\/22sad-song-soulprints.mp3','','width=200,height=50,left=0,top=0');return false;\" href=\"http:\/\/www.orformornorm.ch\/site\/wp-content\/uploads\/2009\/01\/22sad-song-soulprints.mp3\"><img decoding=\"async\" loading=\"lazy\" class=\"alignnone size-full wp-image-258\" style=\"vertical-align: middle;\" title=\"\u00e9couter\" src=\"http:\/\/www.orformornorm.ch\/site\/wp-content\/uploads\/2009\/01\/playbutton.jpg\" alt=\"playbutton\" width=\"32\" height=\"14\" \/><\/a><br \/>\n23 | For the love of you | The Isley Brothers<br \/>\n24 | I love you more than you&rsquo;ll ever know | Donny Hathaway<\/p>\n<p>Selection\u00e9 par Boo et mix\u00e9 par Oddrock<br \/>\nNo 22 produit par Willy Sunshine<br \/>\nNo 13 et 15 produit par Oddrock<br \/>\nNo 5, 13 et 15 enregistr\u00e9s et mix\u00e9s par Skile au studio Le Local \u00e0 Lausanne<br \/>\nGraphisme et photos par Solid<\/p>\n<p><a href=\"http:\/\/www.orformornorm.ch\/artistes\/food-for-ya-soul\" target=\"_blank\">Biographie FFYS<\/a><\/p>\n<script data-cfasync=\"false\" type=\"text\/javascript\"><\/script>\n                <!-- AddThis Settings Begin -->\n                <script data-cfasync=\"false\" type=\"text\/javascript\">\n                    var addthis_product = \"wpp-5.3.0\";\n                    var wp_product_version = \"wpp-5.3.0\";\n                    var wp_blog_version = \"6.2.9\";\n                    var addthis_plugin_info = {\"info_status\":\"enabled\",\"cms_name\":\"WordPress\",\"cms_version\":\"6.2.9\",\"plugin_name\":\"Share Buttons by AddThis\",\"plugin_version\":\"5.3.0\",\"anonymous_profile_id\":\"wp-f0acefef906d734520ccba2cbbcbfb1a\",\"plugin_mode\":\"WordPress\",\"select_prefs\":{\"addthis_per_post_enabled\":true,\"addthis_above_enabled\":false,\"addthis_below_enabled\":true,\"addthis_sidebar_enabled\":false,\"addthis_mobile_toolbar_enabled\":false,\"addthis_above_showon_home\":true,\"addthis_below_showon_home\":true,\"addthis_above_showon_pages\":true,\"addthis_below_showon_pages\":true,\"addthis_above_showon_categories\":true,\"addthis_below_showon_categories\":true,\"addthis_above_showon_archives\":true,\"addthis_below_showon_archives\":true,\"addthis_above_showon_posts\":true,\"addthis_above_showon_excerpts\":true,\"addthis_below_showon_posts\":true,\"addthis_below_showon_excerpts\":true,\"addthis_sidebar_showon_home\":true,\"addthis_sidebar_showon_posts\":true,\"addthis_sidebar_showon_pages\":true,\"addthis_sidebar_showon_archives\":true,\"addthis_sidebar_showon_categories\":true,\"addthis_mobile_toolbar_showon_home\":true,\"addthis_mobile_toolbar_showon_posts\":true,\"addthis_mobile_toolbar_showon_pages\":true,\"addthis_mobile_toolbar_showon_archives\":true,\"addthis_mobile_toolbar_showon_categories\":true,\"sharing_enabled_on_post_via_metabox\":true},\"page_info\":{\"template\":false}};\n                    if (typeof(addthis_config) == \"undefined\") {\n                        var addthis_config = {\"data_track_clickback\":true,\"ui_language\":\"fr\",\"ui_atversion\":300,\"ignore_server_config\":true};\n                    }\n                    if (typeof(addthis_share) == \"undefined\") {\n                        var addthis_share = {};\n                    }\n                    if (typeof(addthis_layers) == \"undefined\") {\n                        var addthis_layers = {};\n                    }\n                <\/script>\n                <script\n                    data-cfasync=\"false\"\n                    type=\"text\/javascript\"\n                    src=\"\/\/s7.addthis.com\/js\/300\/addthis_widget.js#pubid=wp-f0acefef906d734520ccba2cbbcbfb1a \"\n                    async=\"async\"\n                >\n                <\/script>\n                <script data-cfasync=\"false\" type=\"text\/javascript\">\n                    (function() {\n                        var at_interval = setInterval(function () {\n                            if(window.addthis) {\n                                clearInterval(at_interval);\n                                addthis.layers(addthis_layers);\n                            }\n                        },1000)\n                    }());\n                <\/script>\n                ","protected":false},"excerpt":{"rendered":"<p>(Out Of Stock!) Volume 1 | Food for ya Soul | 2006 01 | Introdd&rsquo;uction | DJ Oddrock 02 | Girls can&rsquo;t do what the guys do | Betty Wright 03 | Love love love | Donny Hathaway 04 | Sounds like a love song | Bobby Glenn 05 | Let&rsquo;s straighten it out | [&hellip;]<\/p>\n","protected":false},"author":1,"featured_media":0,"parent":24,"menu_order":8,"comment_status":"closed","ping_status":"closed","template":"releasestemplate.php","meta":[],"_links":{"self":[{"href":"http:\/\/www.orformornorm.ch\/site\/wp-json\/wp\/v2\/pages\/201"}],"collection":[{"href":"http:\/\/www.orformornorm.ch\/site\/wp-json\/wp\/v2\/pages"}],"about":[{"href":"http:\/\/www.orformornorm.ch\/site\/wp-json\/wp\/v2\/types\/page"}],"author":[{"embeddable":true,"href":"http:\/\/www.orformornorm.ch\/site\/wp-json\/wp\/v2\/users\/1"}],"replies":[{"embeddable":true,"href":"http:\/\/www.orformornorm.ch\/site\/wp-json\/wp\/v2\/comments?post=201"}],"version-history":[{"count":14,"href":"http:\/\/www.orformornorm.ch\/site\/wp-json\/wp\/v2\/pages\/201\/revisions"}],"predecessor-version":[{"id":204,"href":"http:\/\/www.orformornorm.ch\/site\/wp-json\/wp\/v2\/pages\/201\/revisions\/204"}],"up":[{"embeddable":true,"href":"http:\/\/www.orformornorm.ch\/site\/wp-json\/wp\/v2\/pages\/24"}],"wp:attachment":[{"href":"http:\/\/www.orformornorm.ch\/site\/wp-json\/wp\/v2\/media?parent=201"}],"curies":[{"name":"wp","href":"https:\/\/api.w.org\/{rel}","templated":true}]}}