{"id":198,"date":"2009-01-21T10:44:00","date_gmt":"2009-01-21T09:44:00","guid":{"rendered":"http:\/\/www.orformornorm.ch\/site\/?page_id=198"},"modified":"2012-07-31T23:18:35","modified_gmt":"2012-07-31T22:18:35","slug":"food-for-ya-soul-vol2","status":"publish","type":"page","link":"http:\/\/www.orformornorm.ch\/site\/discographie\/food-for-ya-soul-vol2\/","title":{"rendered":"Food for ya Soul-vol.2"},"content":{"rendered":"<p><img decoding=\"async\" loading=\"lazy\" class=\"alignnone size-full wp-image-666\" style=\"margin-bottom: 10px;\" title=\"ffys-02-cover\" src=\"http:\/\/www.orformornorm.ch\/site\/wp-content\/uploads\/2009\/01\/ffys-02-cover.jpg\" alt=\"ffys-02-cover\" width=\"450\" height=\"380\" srcset=\"http:\/\/www.orformornorm.ch\/site\/wp-content\/uploads\/2009\/01\/ffys-02-cover.jpg 450w, http:\/\/www.orformornorm.ch\/site\/wp-content\/uploads\/2009\/01\/ffys-02-cover-300x253.jpg 300w\" sizes=\"(max-width: 450px) 100vw, 450px\" \/><br \/>\n<img decoding=\"async\" loading=\"lazy\" class=\"alignnone size-full wp-image-667\" style=\"margin-bottom: 10px;\" title=\"ffys-02-in\" src=\"http:\/\/www.orformornorm.ch\/site\/wp-content\/uploads\/2009\/01\/ffys-02-in.jpg\" alt=\"ffys-02-in\" width=\"450\" height=\"205\" srcset=\"http:\/\/www.orformornorm.ch\/site\/wp-content\/uploads\/2009\/01\/ffys-02-in.jpg 450w, http:\/\/www.orformornorm.ch\/site\/wp-content\/uploads\/2009\/01\/ffys-02-in-300x136.jpg 300w\" sizes=\"(max-width: 450px) 100vw, 450px\" \/><br \/>\n<img decoding=\"async\" loading=\"lazy\" class=\"alignnone size-full wp-image-668\" style=\"margin-bottom: 10px;\" title=\"ffys-02-back\" src=\"http:\/\/www.orformornorm.ch\/site\/wp-content\/uploads\/2009\/01\/ffys-02-back.jpg\" alt=\"ffys-02-back\" width=\"225\" height=\"190\" \/><br \/>\n<strong> Volume 2<\/strong> | Food for ya Soul | 2007<\/p>\n<p>01| Introspection | DJ Chikano<br \/>\n02| Free | Denicece Williams<br \/>\n03| Ruler of my hearts | Irma Thomas<br \/>\n04| I got the | Labi Siffre<br \/>\n05| Put it on the line | Lyn Collins<br \/>\n06| Moi! | Se\u00e4r Lui-m\u00eame\u00a0<a title=\"la r\u00e9volution | Mens Sana\" onclick=\"window.open('http:\/\/www.orformornorm.ch\/site\/wp-content\/uploads\/2009\/01\/06moi-sear-lui-meme.mp3','','width=200,height=50,left=0,top=0');return false;\" href=\"http:\/\/www.orformornorm.ch\/site\/wp-content\/uploads\/2009\/01\/06moi-sear-lui-meme.mp3\"><img decoding=\"async\" loading=\"lazy\" class=\"alignnone size-full wp-image-258\" style=\"vertical-align: middle;\" title=\"\u00e9couter\" src=\"http:\/\/www.orformornorm.ch\/site\/wp-content\/uploads\/2009\/01\/playbutton.jpg\" alt=\"playbutton\" width=\"32\" height=\"14\" \/><\/a><br \/>\n07| Wish you were mine | The Manhattans<br \/>\n08| I cry | Millie Jackson<br \/>\n09| Interl&rsquo;odd | DJ Oddrock<br \/>\n10| I&rsquo;m going down | Rose Royce<br \/>\n11| Take me with you | Lyn Christopher<br \/>\n12|Good old days | Shaka Z \u2013 Gwen Mc Crae\u00a0<a title=\"la r\u00e9volution | Mens Sana\" onclick=\"window.open('http:\/\/www.orformornorm.ch\/site\/wp-content\/uploads\/2009\/01\/12good-old-days-shaka-z.mp3','','width=200,height=50,left=0,top=0');return false;\" href=\"http:\/\/www.orformornorm.ch\/site\/wp-content\/uploads\/2009\/01\/12good-old-days-shaka-z.mp3\"><img decoding=\"async\" loading=\"lazy\" class=\"alignnone size-full wp-image-258\" style=\"vertical-align: middle;\" title=\"\u00e9couter\" src=\"http:\/\/www.orformornorm.ch\/site\/wp-content\/uploads\/2009\/01\/playbutton.jpg\" alt=\"playbutton\" width=\"32\" height=\"14\" \/><\/a><br \/>\n13| Give it up | Lee Dorsey<br \/>\n14| What&rsquo;s the use | Tony Troutman<br \/>\n15| Our generation | Ernie Hines<br \/>\n16| Just memories | Eddie Kendrick|<br \/>\n17| The new beginning | Dexter Wansel<br \/>\n18| Bills | The Counts<br \/>\n19| You get better | Ketak \u2013 Amnesty \u2013 Sisma \u2013 G. Nash\u00a0<a title=\"la r\u00e9volution | Mens Sana\" onclick=\"window.open('http:\/\/www.orformornorm.ch\/site\/wp-content\/uploads\/2009\/01\/19you-get-better-ketak-amnesty-sisma-feat-g-nash.mp3','','width=200,height=50,left=0,top=0');return false;\" href=\"http:\/\/www.orformornorm.ch\/site\/wp-content\/uploads\/2009\/01\/19you-get-better-ketak-amnesty-sisma-feat-g-nash.mp3\"><img decoding=\"async\" loading=\"lazy\" class=\"alignnone size-full wp-image-258\" style=\"vertical-align: middle;\" title=\"\u00e9couter\" src=\"http:\/\/www.orformornorm.ch\/site\/wp-content\/uploads\/2009\/01\/playbutton.jpg\" alt=\"playbutton\" width=\"32\" height=\"14\" \/><\/a><br \/>\n20| I swear I love no ones but you | The O&rsquo;Jays<br \/>\n21| Aint no love in the heart of the city | Bobby Bland<br \/>\n22| Super duper love | Dexter Wansel<br \/>\n23| I&rsquo;ve got nothing to lose but the blues | Gwen Mc Rae<br \/>\n24| The newness is gone | Nono \u2013 Eddie Kendricks<\/p>\n<p>Selection\u00e9 par Boo et mix\u00e9 par Chikano<br \/>\nNo 6 et 24 enregistr\u00e9s et mix\u00e9s par Skile au studio Le Local \u00e0 Lausanne<br \/>\nNo12 enregistr\u00e9 et mix\u00e9 au studio PKH par PKH \u00e0 Vevey<br \/>\nNo 19 enregistr\u00e9 et mix\u00e9 par Ketak au studio Sick Swan \u00e0 Vevey<br \/>\nGraphisme et photos par Solid<\/p>\n<p><a href=\"http:\/\/www.orformornorm.ch\/shop\" target=\"_blank\">ACHETER<\/a><\/p>\n<p><a href=\"http:\/\/www.orformornorm.ch\/artistes\/food-for-ya-soul\" target=\"_blank\">Biographie FFYS<\/a><\/p>\n<script data-cfasync=\"false\" type=\"text\/javascript\"><\/script>\n                <!-- AddThis Settings Begin -->\n                <script data-cfasync=\"false\" type=\"text\/javascript\">\n                    var addthis_product = \"wpp-5.3.0\";\n                    var wp_product_version = \"wpp-5.3.0\";\n                    var wp_blog_version = \"6.2.9\";\n                    var addthis_plugin_info = {\"info_status\":\"enabled\",\"cms_name\":\"WordPress\",\"cms_version\":\"6.2.9\",\"plugin_name\":\"Share Buttons by AddThis\",\"plugin_version\":\"5.3.0\",\"anonymous_profile_id\":\"wp-f0acefef906d734520ccba2cbbcbfb1a\",\"plugin_mode\":\"WordPress\",\"select_prefs\":{\"addthis_per_post_enabled\":true,\"addthis_above_enabled\":false,\"addthis_below_enabled\":true,\"addthis_sidebar_enabled\":false,\"addthis_mobile_toolbar_enabled\":false,\"addthis_above_showon_home\":true,\"addthis_below_showon_home\":true,\"addthis_above_showon_pages\":true,\"addthis_below_showon_pages\":true,\"addthis_above_showon_categories\":true,\"addthis_below_showon_categories\":true,\"addthis_above_showon_archives\":true,\"addthis_below_showon_archives\":true,\"addthis_above_showon_posts\":true,\"addthis_above_showon_excerpts\":true,\"addthis_below_showon_posts\":true,\"addthis_below_showon_excerpts\":true,\"addthis_sidebar_showon_home\":true,\"addthis_sidebar_showon_posts\":true,\"addthis_sidebar_showon_pages\":true,\"addthis_sidebar_showon_archives\":true,\"addthis_sidebar_showon_categories\":true,\"addthis_mobile_toolbar_showon_home\":true,\"addthis_mobile_toolbar_showon_posts\":true,\"addthis_mobile_toolbar_showon_pages\":true,\"addthis_mobile_toolbar_showon_archives\":true,\"addthis_mobile_toolbar_showon_categories\":true,\"sharing_enabled_on_post_via_metabox\":true},\"page_info\":{\"template\":false}};\n                    if (typeof(addthis_config) == \"undefined\") {\n                        var addthis_config = {\"data_track_clickback\":true,\"ui_language\":\"fr\",\"ui_atversion\":300,\"ignore_server_config\":true};\n                    }\n                    if (typeof(addthis_share) == \"undefined\") {\n                        var addthis_share = {};\n                    }\n                    if (typeof(addthis_layers) == \"undefined\") {\n                        var addthis_layers = {};\n                    }\n                <\/script>\n                <script\n                    data-cfasync=\"false\"\n                    type=\"text\/javascript\"\n                    src=\"\/\/s7.addthis.com\/js\/300\/addthis_widget.js#pubid=wp-f0acefef906d734520ccba2cbbcbfb1a \"\n                    async=\"async\"\n                >\n                <\/script>\n                <script data-cfasync=\"false\" type=\"text\/javascript\">\n                    (function() {\n                        var at_interval = setInterval(function () {\n                            if(window.addthis) {\n                                clearInterval(at_interval);\n                                addthis.layers(addthis_layers);\n                            }\n                        },1000)\n                    }());\n                <\/script>\n                ","protected":false},"excerpt":{"rendered":"<p>Volume 2 | Food for ya Soul | 2007 01| Introspection | DJ Chikano 02| Free | Denicece Williams 03| Ruler of my hearts | Irma Thomas 04| I got the | Labi Siffre 05| Put it on the line | Lyn Collins 06| Moi! | Se\u00e4r Lui-m\u00eame\u00a0 07| Wish you were mine | The [&hellip;]<\/p>\n","protected":false},"author":1,"featured_media":0,"parent":24,"menu_order":9,"comment_status":"closed","ping_status":"closed","template":"releasestemplate.php","meta":[],"_links":{"self":[{"href":"http:\/\/www.orformornorm.ch\/site\/wp-json\/wp\/v2\/pages\/198"}],"collection":[{"href":"http:\/\/www.orformornorm.ch\/site\/wp-json\/wp\/v2\/pages"}],"about":[{"href":"http:\/\/www.orformornorm.ch\/site\/wp-json\/wp\/v2\/types\/page"}],"author":[{"embeddable":true,"href":"http:\/\/www.orformornorm.ch\/site\/wp-json\/wp\/v2\/users\/1"}],"replies":[{"embeddable":true,"href":"http:\/\/www.orformornorm.ch\/site\/wp-json\/wp\/v2\/comments?post=198"}],"version-history":[{"count":13,"href":"http:\/\/www.orformornorm.ch\/site\/wp-json\/wp\/v2\/pages\/198\/revisions"}],"predecessor-version":[{"id":200,"href":"http:\/\/www.orformornorm.ch\/site\/wp-json\/wp\/v2\/pages\/198\/revisions\/200"}],"up":[{"embeddable":true,"href":"http:\/\/www.orformornorm.ch\/site\/wp-json\/wp\/v2\/pages\/24"}],"wp:attachment":[{"href":"http:\/\/www.orformornorm.ch\/site\/wp-json\/wp\/v2\/media?parent=198"}],"curies":[{"name":"wp","href":"https:\/\/api.w.org\/{rel}","templated":true}]}}